{"id":3393,"date":"2021-02-20T12:17:35","date_gmt":"2021-02-20T12:17:35","guid":{"rendered":"https:\/\/www.mcadriatic.com\/privacy-policy\/"},"modified":"2021-04-11T17:58:57","modified_gmt":"2021-04-11T17:58:57","slug":"privacy-policy","status":"publish","type":"page","link":"https:\/\/www.mcadriatic.com\/sr\/privacy-policy\/","title":{"rendered":"Pravila o privatnosti"},"content":{"rendered":"\r\n<h2 class=\"wp-block-heading\">Ko smo mi<\/h2>\r\n\r\n<p>Adresa na\u0161e veb stranice je: https:\/\/www.mcadriatic.com. Kompanija je Montenegro Cruising d.o.o., Budva, Crna Gora.<\/p>\r\n\r\n<h2 class=\"wp-block-heading\">Koje li\u010dne podatke prikupljamo i za\u0161to ih prikupljamo<\/h2>\r\n\r\n<h3 class=\"wp-block-heading\">Komentari<\/h3>\r\n\r\n<p>Kada posetioci ostave komentare na veb lokaciji, prikupljamo podatke prikazane u obrascu za komentare, kao i IP adresu i niz korisni\u010dkih agenata pregleda\u010da kako bismo pomogli u otkrivanju ne\u017eeljene po\u0161te.<\/p>\r\n\r\n<p>Anonimizirani niz stvoren od va\u0161e adrese e-po\u0161te (koji se naziva i he\u0161) mo\u017ee se pru\u017eiti usluzi Gravatar da bi se videlo da li ga koristite. Politika privatnosti usluge Gravatar dostupna je ovde: https:\/\/automattic.com\/privaci\/. Nakon odobrenja va\u0161eg komentara, va\u0161a profilna slika je vidljiva javnosti u kontekstu va\u0161eg komentara.<\/p>\r\n\r\n<h3 class=\"wp-block-heading\">Mediji<\/h3>\r\n\r\n<p>Ako otpremate slike na veb lokaciju, izbegavajte otpremanje slika sa ugra\u0111enim podacima o lokaciji (EKSIF GPS). Posetioci veb stranice mogu da preuzmu i izvuku bilo koje podatke o lokaciji sa slika na veb lokaciji.<\/p>\r\n\r\n<h3 class=\"wp-block-heading\">Obrasci za kontakt<\/h3>\r\n\r\n<h3 class=\"wp-block-heading\">Kola\u010dic\u0301i<\/h3>\r\n\r\n<p>Ako ostavite komentar na na\u0161oj veb lokaciji, mo\u017eete se odlu\u010diti da svoje ime, adresu e-po\u0161te i veb lokaciju sa\u010duvate u kola\u010dic\u0301ima. Ovo je za va\u0161u udobnost, tako da ne morate ponovo da popunjavate svoje podatke kada ostavite novi komentar. Ovi kola\u010dic\u0301i c\u0301e trajati godinu dana.<\/p>\r\n\r\n<p>Ako posetite na\u0161u stranicu za prijavu, postavic\u0301emo privremeni kola\u010dic\u0301 da bismo utvrdili da li va\u0161 pregleda\u010d prihvata kola\u010dic\u0301e. Ovaj kola\u010dic\u0301 ne sadr\u017ei li\u010dne podatke i odbacuje se kada zatvorite pregleda\u010d.<\/p>\r\n\r\n<p>Kada se prijavite, postavic\u0301emo i nekoliko kola\u010dic\u0301a da sa\u010duvamo va\u0161e podatke za prijavu i izbore na ekranu. Kola\u010dic\u0301i za prijavu traju dva dana, a kola\u010dic\u0301i sa opcijama ekrana traju godinu dana. Ako odaberete \u201eZapamti me\u201c, prijava c\u0301e trajati dve nedelje. Ako se odjavite sa naloga, kola\u010dic\u0301i za prijavu c\u0301e biti uklonjeni.<\/p>\r\n\r\n<p>Ako uredite ili objavite \u010dlanak, dodatni kola\u010dic\u0301 c\u0301e biti sa\u010duvan u va\u0161em pregleda\u010du. Ovaj kola\u010dic\u0301 ne sadr\u017ei li\u010dne podatke i jednostavno ukazuje na ID posta \u010dlanka koji ste upravo uredili. Isti\u010de nakon 1 dana.<\/p>\r\n\r\n<h3 class=\"wp-block-heading\">Ugra\u0111eni sadr\u017eaj sa drugih veb lokacija<\/h3>\r\n\r\n<p>\u010clanci na ovoj veb lokaciji mogu sadr\u017eati ugra\u0111eni sadr\u017eaj (npr. Video snimke, slike, \u010dlanke itd.). Ugra\u0111eni sadr\u017eaj sa drugih veb lokacija pona\u0161a se na potpuno isti na\u010din kao da je posetilac posetio drugu veb lokaciju.<\/p>\r\n\r\n<p>Ove veb stranice mogu da prikupljaju podatke o vama, koriste kola\u010dic\u0301e, ugra\u0111uju dodatno prac\u0301enje trec\u0301e strane i nadgledaju va\u0161u interakciju sa tim ugra\u0111enim sadr\u017eajem, uklju\u010dujuc\u0301i prac\u0301enje va\u0161e interakcije sa ugra\u0111enim sadr\u017eajem ako imate nalog i prijavljeni ste na toj veb lokaciji.<\/p>\r\n\r\n<h3 class=\"wp-block-heading\">Analitika<\/h3>\r\n\r\n<h2 class=\"wp-block-heading\">S kim delimo va\u0161e podatke<\/h2>\r\n\r\n<p>Ako zatra\u017eite resetovanje lozinke, va\u0161a IP adresa c\u0301e biti navedena u e-poruci za resetovanje.<\/p>\r\n\r\n<h2 class=\"wp-block-heading\">Koliko dugo zadr\u017eavamo va\u0161e podatke<\/h2>\r\n\r\n<p>Ako ostavite komentar, komentar i njegovi metapodaci zadr\u017eavaju se na neodre\u0111eno vreme. To je tako da mo\u017eemo automatski prepoznati i odobriti sve dalje komentare, umesto da ih dr\u017eimo u redu za moderiranje.<\/p>\r\n\r\n<p>Za korisnike koji se registruju na na\u0161oj veb lokaciji (ako ih ima), tako\u0111e \u010duvamo li\u010dne podatke koje daju u svom korisni\u010dkom profilu. Svi korisnici mogu da vide, izmene ili izbri\u0161u svoje li\u010dne podatke u bilo kom trenutku (osim \u0161to ne mogu da promene korisni\u010dko ime). Administratori veb lokacija tako\u0111e mogu da vide i urede te informacije.<\/p>\r\n\r\n<h2 class=\"wp-block-heading\">Kakva prava imate na svoje podatke<\/h2>\r\n\r\n<p>Ako imate nalog na ovoj veb lokaciji ili ste ostavili komentare, mo\u017eete zatra\u017eiti primanje izvezene datoteke li\u010dnih podataka koje posedujemo o vama, uklju\u010dujuc\u0301i sve podatke koje ste nam dostavili. Tako\u0111e mo\u017eete zahtevati da izbri\u0161emo sve li\u010dne podatke koje imamo o vama. Ovo ne uklju\u010duje podatke koje smo du\u017eni da \u010duvamo u administrativne, pravne ili bezbednosne svrhe.<\/p>\r\n\r\n<h2 class=\"wp-block-heading\">Tamo gde \u0161aljemo va\u0161e podatke<\/h2>\r\n\r\n<p>Visitor comments may be checked through an automated spam detection service.<\/p>\r\n\r\n<h2 class=\"wp-block-heading\">Va\u0161e kontakt informacije<\/h2>\r\n\r\n<h2 class=\"wp-block-heading\">Dodatne Informacije<\/h2>\r\n\r\n<h3 class=\"wp-block-heading\">Kako \u0161titimo va\u0161e podatke<\/h3>\r\n\r\n<h3 class=\"wp-block-heading\">Koje procedure za kr\u0161enje podataka imamo na snazi<\/h3>\r\n\r\n<h3 class=\"wp-block-heading\">Od kojih trec\u0301ih lica dobijamo podatke<\/h3>\r\n\r\n<h3 class=\"wp-block-heading\">\u0160ta automatizovano dono\u0161enje odluka i \/ ili profilisanje radimo sa korisni\u010dkim podacima<\/h3>\r\n\r\n<h3 class=\"wp-block-heading\">Zahtevi za objavljivanjem propisa u industriji<\/h3>\r\n","protected":false},"excerpt":{"rendered":"<p>Ko smo mi Adresa na\u0161e veb stranice je: https:\/\/www.mcadriatic.com. Kompanija je Montenegro Cruising d.o.o., Budva, Crna Gora. Koje li\u010dne podatke prikupljamo i za\u0161to ih prikupljamo Komentari Kada posetioci ostave komentare na veb lokaciji, prikupljamo podatke prikazane u obrascu za komentare, kao i IP adresu i niz korisni\u010dkih agenata pregleda\u010da kako bismo pomogli u otkrivanju ne\u017eeljene [&hellip;]<\/p>\n","protected":false},"author":1,"featured_media":0,"parent":0,"menu_order":0,"comment_status":"closed","ping_status":"open","template":"","meta":{"footnotes":""},"class_list":["post-3393","page","type-page","status-publish","hentry"],"_links":{"self":[{"href":"https:\/\/www.mcadriatic.com\/sr\/wp-json\/wp\/v2\/pages\/3393\/"}],"collection":[{"href":"https:\/\/www.mcadriatic.com\/sr\/wp-json\/wp\/v2\/pages\/"}],"about":[{"href":"https:\/\/www.mcadriatic.com\/sr\/wp-json\/wp\/v2\/types\/page\/"}],"author":[{"embeddable":true,"href":"https:\/\/www.mcadriatic.com\/sr\/wp-json\/wp\/v2\/users\/1\/"}],"replies":[{"embeddable":true,"href":"https:\/\/www.mcadriatic.com\/sr\/wp-json\/wp\/v2\/comments\/?post=3393"}],"version-history":[{"count":3,"href":"https:\/\/www.mcadriatic.com\/sr\/wp-json\/wp\/v2\/pages\/3393\/revisions\/"}],"predecessor-version":[{"id":3842,"href":"https:\/\/www.mcadriatic.com\/sr\/wp-json\/wp\/v2\/pages\/3393\/revisions\/3842\/"}],"wp:attachment":[{"href":"https:\/\/www.mcadriatic.com\/sr\/wp-json\/wp\/v2\/media\/?parent=3393"}],"curies":[{"name":"wp","href":"https:\/\/api.w.org\/{rel}","templated":true}]}}