{"id":3846,"date":"2021-04-11T18:24:21","date_gmt":"2021-04-11T18:24:21","guid":{"rendered":"https:\/\/www.mcadriatic.com\/terms-and-conditions\/"},"modified":"2021-04-11T18:29:48","modified_gmt":"2021-04-11T18:29:48","slug":"terms-and-conditions","status":"publish","type":"page","link":"https:\/\/www.mcadriatic.com\/sr\/terms-and-conditions\/","title":{"rendered":"Op\u0161ti uslovi pru\u017eanja usluga"},"content":{"rendered":"<h3> Op\u0161ti uslovi usluge <\/h3>\n<p>Prodaja robe putem na\u0161e internet prodavnice https:\/\/vvv.mcadriatic.com\/ vr\u0161i se u okviru registrovane delatnosti kompanije Montenegro Cruising doo, ulica: Trg Sunca 3, mati\u010dni broj 50274582<\/p>\n<p>Roba (usluga) prodata putem veb stranice ima svojstva neophodna za redovnu upotrebu ove vrste robe u skladu sa njenom namenom koja je definisana u licenci kompanije. Uskla\u0111enost robe sa ugovorom ISKLJU\u010cIVO se utvr\u0111uje u skladu sa svojstvima i namenom robe definisanim licencom.<\/p>\n<p>Prodajna cena robe nazna\u010dena je uz svaki artikal, a moguc\u0301nost kupovine robe sa posebnim cenovnim pogodnostima ili sa posebnim prodajnim podsticajima (posebna prodaja), vr\u0161i se u skladu sa uslovima objavljenim na https: \/\/vvv.mcadriatic. com \/<\/p>\n<p>Nastojimo da budemo \u0161to precizniji u opisima proizvoda, prikazima slika i samim cenama, ali ne mo\u017eemo da garantujemo da su sve informacije potpune i bez gre\u0161aka. Slike ne moraju biti 100% identi\u010dne proizvodima. Svi predmeti prikazani na veb lokaciji deo su na\u0161e ponude i nisu namenjeni da budu dostupni u svakom trenutku.<\/p>\n","protected":false},"excerpt":{"rendered":"<p>Op\u0161ti uslovi usluge Prodaja robe putem na\u0161e internet prodavnice https:\/\/vvv.mcadriatic.com\/ vr\u0161i se u okviru registrovane delatnosti kompanije Montenegro Cruising doo, ulica: Trg Sunca 3, mati\u010dni broj 50274582 Roba (usluga) prodata putem veb stranice ima svojstva neophodna za redovnu upotrebu ove vrste robe u skladu sa njenom namenom koja je definisana u licenci kompanije. Uskla\u0111enost robe [&hellip;]<\/p>\n","protected":false},"author":1,"featured_media":0,"parent":0,"menu_order":0,"comment_status":"closed","ping_status":"closed","template":"","meta":{"footnotes":""},"class_list":["post-3846","page","type-page","status-publish","hentry"],"_links":{"self":[{"href":"https:\/\/www.mcadriatic.com\/sr\/wp-json\/wp\/v2\/pages\/3846\/"}],"collection":[{"href":"https:\/\/www.mcadriatic.com\/sr\/wp-json\/wp\/v2\/pages\/"}],"about":[{"href":"https:\/\/www.mcadriatic.com\/sr\/wp-json\/wp\/v2\/types\/page\/"}],"author":[{"embeddable":true,"href":"https:\/\/www.mcadriatic.com\/sr\/wp-json\/wp\/v2\/users\/1\/"}],"replies":[{"embeddable":true,"href":"https:\/\/www.mcadriatic.com\/sr\/wp-json\/wp\/v2\/comments\/?post=3846"}],"version-history":[{"count":1,"href":"https:\/\/www.mcadriatic.com\/sr\/wp-json\/wp\/v2\/pages\/3846\/revisions\/"}],"predecessor-version":[{"id":3848,"href":"https:\/\/www.mcadriatic.com\/sr\/wp-json\/wp\/v2\/pages\/3846\/revisions\/3848\/"}],"wp:attachment":[{"href":"https:\/\/www.mcadriatic.com\/sr\/wp-json\/wp\/v2\/media\/?parent=3846"}],"curies":[{"name":"wp","href":"https:\/\/api.w.org\/{rel}","templated":true}]}}