{"id":3853,"date":"2021-04-11T18:39:10","date_gmt":"2021-04-11T18:39:10","guid":{"rendered":"https:\/\/www.mcadriatic.com\/delivery-policy\/"},"modified":"2021-04-11T18:43:47","modified_gmt":"2021-04-11T18:43:47","slug":"delivery-policy","status":"publish","type":"page","link":"https:\/\/www.mcadriatic.com\/sr\/delivery-policy\/","title":{"rendered":"Politika isporuke"},"content":{"rendered":"<h3> Trenutak prihvatanja porud\u017ebine <\/h3>\n<\/p>\n<p>Nakon narud\u017ebe, bic\u0301ete obave\u0161teni o statusu va\u0161e narud\u017ebine putem e-po\u0161te koju ste naveli tokom postupka naru\u010divanja. Nalog prihvata kompanija Montenegro Cruising tek nakon \u0161to vam po\u0161aljemo potvrdu o prihvatanju e-po\u0161tom.<\/p>\n<h3> Datum isporuke <\/h3>\n<\/p>\n<p>Rok isporuke porud\u017ebine je 2 radna dana. Nalozi poslati petkom i vikendom bic\u0301e dostavljeni u ponedeljak.<\/p>\n<h3> Ka\u0161njenje isporuke <\/h3>\n<\/p>\n<p>U slu\u010daju ka\u0161njenja isporuke, kupac ima pravo da otka\u017ee kupovinu, u kom slu\u010daju c\u0301e mu se vratiti sav novac.<\/p>\n<h3> Cena isporuke <\/h3>\n<\/p>\n<p>Naru\u010denu robu vam \u0161aljemo kurirskom slu\u017ebom putem po\u0161te, cena isporuke je nula evra za sve kupce u Crnoj Gori. Tro\u0161kovi isporuke se dodaju ceni proizvoda i navode se zajedno sa cenom proizvoda i tokom procesa naru\u010divanja na veb lokaciji.<br \/>\nU slu\u010daju zamene robe, tro\u0161kove povrata robe snosi prodavac.<br \/>\nPo narud\u017ebi mo\u017eemo podeliti va\u0161u porud\u017ebinu na nekoliko delova, u zavisnosti od dostupnosti i dostupnosti robe na zalihi (mo\u017ee se dogoditi da se nalazi u drugoj prodavnici ili skladi\u0161tu u drugom gradu). To nec\u0301e uzrokovati nikakve dodatne tro\u0161kove za kupca.<\/p>\n<h3> Postupak isporuke <\/h3>\n<\/p>\n<p>Po\u0161iljka sti\u017ee na e-adresu u periodu od 12-48 sati. Na adresi je neophodno imati osobu koja u tom periodu mo\u017ee preuzeti po\u0161iljku. Kurir poku\u0161ava da isporu\u010di svaku po\u0161iljku dva puta. Ako vas kurir ne prona\u0111e na adresi, pozvac\u0301e vas telefonom koji ste ostavili prilikom kreiranja narud\u017ebenice i dogovoric\u0301e novi datum isporuke. Ako vas drugi put ne prona\u0111e na adresi, po\u0161iljka c\u0301e biti vrac\u0301ena u na\u0161e prostorije.<br \/>\nPrilikom preuzimanja po\u0161iljke potrebno je vizuelno pregledati paket, kako ne bi do\u0161lo do slu\u010dajnih o\u0161tec\u0301enja. Ako primetite da je transportna kutija znatno o\u0161tec\u0301ena i sumnjate da bi proizvod mogao biti o\u0161tec\u0301en, imate pravo da odbijete da prihvatite po\u0161iljku i odmah nas o tome obavestite pozivom na +382 68 821-321 ili e-po\u0161tom na office@mcadriatic.com . Ako po\u0161iljka izgleda neo\u0161tec\u0301ena, slobodno preuzmite po\u0161iljku i potpi\u0161ite se u adresar kurira.<\/p>\n","protected":false},"excerpt":{"rendered":"<p>Trenutak prihvatanja porud\u017ebine Nakon narud\u017ebe, bic\u0301ete obave\u0161teni o statusu va\u0161e narud\u017ebine putem e-po\u0161te koju ste naveli tokom postupka naru\u010divanja. Nalog prihvata kompanija Montenegro Cruising tek nakon \u0161to vam po\u0161aljemo potvrdu o prihvatanju e-po\u0161tom. Datum isporuke Rok isporuke porud\u017ebine je 2 radna dana. Nalozi poslati petkom i vikendom bic\u0301e dostavljeni u ponedeljak. Ka\u0161njenje isporuke U slu\u010daju [&hellip;]<\/p>\n","protected":false},"author":1,"featured_media":0,"parent":0,"menu_order":0,"comment_status":"closed","ping_status":"closed","template":"","meta":{"footnotes":""},"class_list":["post-3853","page","type-page","status-publish","hentry"],"_links":{"self":[{"href":"https:\/\/www.mcadriatic.com\/sr\/wp-json\/wp\/v2\/pages\/3853\/"}],"collection":[{"href":"https:\/\/www.mcadriatic.com\/sr\/wp-json\/wp\/v2\/pages\/"}],"about":[{"href":"https:\/\/www.mcadriatic.com\/sr\/wp-json\/wp\/v2\/types\/page\/"}],"author":[{"embeddable":true,"href":"https:\/\/www.mcadriatic.com\/sr\/wp-json\/wp\/v2\/users\/1\/"}],"replies":[{"embeddable":true,"href":"https:\/\/www.mcadriatic.com\/sr\/wp-json\/wp\/v2\/comments\/?post=3853"}],"version-history":[{"count":1,"href":"https:\/\/www.mcadriatic.com\/sr\/wp-json\/wp\/v2\/pages\/3853\/revisions\/"}],"predecessor-version":[{"id":3855,"href":"https:\/\/www.mcadriatic.com\/sr\/wp-json\/wp\/v2\/pages\/3853\/revisions\/3855\/"}],"wp:attachment":[{"href":"https:\/\/www.mcadriatic.com\/sr\/wp-json\/wp\/v2\/media\/?parent=3853"}],"curies":[{"name":"wp","href":"https:\/\/api.w.org\/{rel}","templated":true}]}}