{"id":3860,"date":"2021-04-11T18:52:33","date_gmt":"2021-04-11T18:52:33","guid":{"rendered":"https:\/\/www.mcadriatic.com\/payment-policy\/"},"modified":"2021-04-11T18:58:18","modified_gmt":"2021-04-11T18:58:18","slug":"payment-policy","status":"publish","type":"page","link":"https:\/\/www.mcadriatic.com\/sr\/payment-policy\/","title":{"rendered":"Politika plac\u0301anja"},"content":{"rendered":"<h3> Na\u010dini plac\u0301anja <\/h3>\n<\/p>\n<p>Plac\u0301anje proizvoda u na\u0161oj internet prodavnici mo\u017ee se izvr\u0161iti na jedan od sledec\u0301ih na\u010dina: platne kartice &#8211; VISA, Maestro ili MasterCard koje podr\u017eavaju plac\u0301anje putem Interneta. Plac\u0301anje karticama se realizuje u saradnji sa NLB Bankom AD Podgorica i vr\u0161i se na siguran i sertifikovan na\u010din putem Ikopai Paiment Gatevai-a, jednostavnim unosom podataka sa platne kartice.<br \/>\nNakon unosa podataka na kartici i potvrde plac\u0301anja, banka odobrava transakciju i samim tim nalog se odobrava i ulazi u dalji proces pripreme za isporuku. Iznos c\u0301e biti rezervisan na va\u0161oj kartici (ra\u010dunu) i nec\u0301e biti dostupan za drugu namenu.<\/p>\n<p>Transakcija c\u0301e biti zavr\u0161ena i iznos oduzet sa va\u0161eg ra\u010duna tek kada se proizvodi pripreme za transport i predaju kurirskoj slu\u017ebi. U slu\u010daju da plac\u0301anje nije zavr\u0161eno ili iznos ne bude oduzet sa ra\u010duna do isteka 14 dana od prihvatanja va\u0161e narud\u017ebe, ta porud\u017ebina c\u0301e biti otkazana i izbrisana. Po isteku 14-dnevnog perioda, novac rezervisan na va\u0161em ra\u010dunu bic\u0301e oslobo\u0111en i bic\u0301e vam ponovo dostupan. Tada mo\u017eete ponoviti istu ili novu porud\u017ebinu i izvr\u0161iti uplatu u vezi sa njima.<br \/>\nProverite kod banke koja je izdala va\u0161u karticu da li va\u0161a kartica podr\u017eava plac\u0301anje putem Interneta.<\/p>\n<h3> Za\u0161tita podataka prilikom plac\u0301anja karticama <\/h3>\n<\/p>\n<p>Prilikom unosa podataka platnih kartica poverljivi podaci se prenose putem javne mre\u017ee u za\u0161tic\u0301enom (\u0161ifrovanom) obliku pomoc\u0301u SSL protokola, koristec\u0301i najsavremenije metode tokenizacije osetljivih podataka, a u skladu sa PCI-DSS standardima. Podaci o platnoj kartici trgovcu nisu dostupni ni u jednom trenutku.<\/p>\n<p>3D sigurna za\u0161tita za sve trgovce i kupce &#8211; Ikopai Paiment Gatevai koristi najvi\u0161e svetske standarde za\u0161tite podataka i privatnosti. Svi trgovci koji koriste Ikopai Paiment Gatevai automatski su uklju\u010deni u 3D-Secure za\u0161titu, \u0161to kupcima garantuje sigurnost kupovine. Brojevi platnih kartica kupaca ne \u010duvaju se u sistemu trgovca, a sama registracija je za\u0161tic\u0301ena SSL \u0161ifrovanjem podataka.<\/p>\n<p>PCI standardi \u0161tite osetljive podatke o vlasnicima kartica tokom \u010ditavog procesa plac\u0301anja: od trenutka uno\u0161enja podataka na prodajno mesto trgovca, tokom komunikacije izme\u0111u trgovca i relevantnih banaka i karti\u010dnih organizacija, kao i naknadnog \u010duvanja tih podataka.<\/p>\n<h3> Registracija na\u010dina plac\u0301anja <\/h3>\n<\/p>\n<p>Kada se podaci o kartici kupca, na njegov zahtev ili odlukom trgovca, TOKENIZUJU, (\u010duvaju se na sertifikovan na\u010din za kasniju upotrebu), ti podaci se \u010duvaju na Ikopai PCI-DSS sertifikovanim serverima. Tako se tokenizovani podaci o kartici prenose na potpuno siguran i sertifikovan na\u010din. Trgovac ni u jednom trenutku nema pristup podacima o brojevima kartica i drugim osetljivim podacima, ali dobija referentni broj (token) koji samo on mo\u017ee da koristi u skladu sa uslovima dogovorenim sa kupcem. Kupac ima moguc\u0301nost odjave ranije registrovane kartice, kao i promene detalja prethodno tokenizovane kartice.<\/p>\n<h3> Povrac\u0301aj sredstava <\/h3>\n<\/p>\n<p>U slu\u010daju povrata novca kupcu koji je prethodno platio jednu od platnih kartica, delimi\u010dno ili u celosti, i bez obzira na razlog povrata, ovaj povrat se vr\u0161i isklju\u010divo putem iste VISA, Maestro ili MasterCard kartice za plac\u0301anje. To zna\u010di da c\u0301e na\u0161a banka na na\u0161 zahtev vratiti novac na ra\u010dun vlasnika kartice.<\/p>\n","protected":false},"excerpt":{"rendered":"<p>Na\u010dini plac\u0301anja Plac\u0301anje proizvoda u na\u0161oj internet prodavnici mo\u017ee se izvr\u0161iti na jedan od sledec\u0301ih na\u010dina: platne kartice &#8211; VISA, Maestro ili MasterCard koje podr\u017eavaju plac\u0301anje putem Interneta. Plac\u0301anje karticama se realizuje u saradnji sa NLB Bankom AD Podgorica i vr\u0161i se na siguran i sertifikovan na\u010din putem Ikopai Paiment Gatevai-a, jednostavnim unosom podataka sa [&hellip;]<\/p>\n","protected":false},"author":1,"featured_media":0,"parent":0,"menu_order":0,"comment_status":"closed","ping_status":"closed","template":"","meta":{"footnotes":""},"class_list":["post-3860","page","type-page","status-publish","hentry"],"_links":{"self":[{"href":"https:\/\/www.mcadriatic.com\/sr\/wp-json\/wp\/v2\/pages\/3860\/"}],"collection":[{"href":"https:\/\/www.mcadriatic.com\/sr\/wp-json\/wp\/v2\/pages\/"}],"about":[{"href":"https:\/\/www.mcadriatic.com\/sr\/wp-json\/wp\/v2\/types\/page\/"}],"author":[{"embeddable":true,"href":"https:\/\/www.mcadriatic.com\/sr\/wp-json\/wp\/v2\/users\/1\/"}],"replies":[{"embeddable":true,"href":"https:\/\/www.mcadriatic.com\/sr\/wp-json\/wp\/v2\/comments\/?post=3860"}],"version-history":[{"count":1,"href":"https:\/\/www.mcadriatic.com\/sr\/wp-json\/wp\/v2\/pages\/3860\/revisions\/"}],"predecessor-version":[{"id":3862,"href":"https:\/\/www.mcadriatic.com\/sr\/wp-json\/wp\/v2\/pages\/3860\/revisions\/3862\/"}],"wp:attachment":[{"href":"https:\/\/www.mcadriatic.com\/sr\/wp-json\/wp\/v2\/media\/?parent=3860"}],"curies":[{"name":"wp","href":"https:\/\/api.w.org\/{rel}","templated":true}]}}