{"id":3874,"date":"2021-04-11T20:27:46","date_gmt":"2021-04-11T20:27:46","guid":{"rendered":"https:\/\/www.mcadriatic.com\/buying-instructions\/"},"modified":"2021-04-11T20:33:32","modified_gmt":"2021-04-11T20:33:32","slug":"buying-instructions","status":"publish","type":"page","link":"https:\/\/www.mcadriatic.com\/sr\/buying-instructions\/","title":{"rendered":"Uputstvo za kupovinu"},"content":{"rendered":"<h3> Uputstva za kupovinu na veb lokaciji &#8211; postupak kupovine <\/h3>\n<\/p>\n<p>Sve predmete koje smo prikazali u na\u0161oj internet prodavnici https:\/\/vvv.mcadriatic.com\/ mo\u017eete naru\u010diti na vrlo brz i lak na\u010din. Sve \u0161to trebate je pronac\u0301i predmet koji \u017eelite i ostaviti svoje podatke, a mi c\u0301emo se potruditi da u roku od 2-4 radna dana nabavimo svu robu koju ste naru\u010dili.<\/p>\n<p>Nakon pristupa na\u0161oj veb lokaciji, idite na potragu za predmetima. Pomoc\u0301u filtera mo\u017eete da ubrzate i olak\u0161ate pretragu. Kori\u0161c\u0301enjem filtriranja mo\u017eete odrediti koji pol, starost, tip, veli\u010dinu, boju ili model stavke \u017eelite.<br \/>\nKada se odlu\u010dite za neki predmet, kliknite na odgovarajuc\u0301u veli\u010dinu predmeta, a zatim ga stavite u korpu. Kada to u\u010dinite, u gornjem delu ekrana c\u0301e se pojaviti novi prozor koji vam nudi moguc\u0301nost da vidite stvari koje se nalaze u korpi, kao i moguc\u0301nost direktnog odlaska na kasu.<\/p>\n<p>Ako ste zavr\u0161ili postupak izbora proizvoda, kliknite na opciju \u201eGOTOVINA\u201c da biste otvorili novo polje u koje treba da unesete podatke o sebi i svojoj adresi. Nakon unosa adrese, kliknite na opciju \u201eDALJE\u201c da biste pre\u0161li na sledec\u0301i korak.<\/p>\n<p>Sledec\u0301e \u0161to treba da uradite je da proverite porud\u017ebinu, odnosno da utvrdite da li ste naru\u010dili sve stvari koje ste \u017eeleli ili ste neku stvar mo\u017eda propustili, pogre\u0161ili u broju ili veli\u010dini. Na ekranu c\u0301e se pojaviti podaci svih predmeta koje ste prethodno \u201estavili u korpu\u201c. Ako su sve informacije ta\u010dne, idite na potvrdu porud\u017ebine.<br \/>\nTada birate na\u010din plac\u0301anja. Za sada se nude na\u010dini plac\u0301anja: A) \u201epouzec\u0301em\u201d &#8211; plac\u0301anje gotovinom ili \u010dekom i B) plac\u0301anje karticom.<\/p>\n<p>Ako se odlu\u010dite za plac\u0301anje karticom, videc\u0301ete polja u koja morate uneti sledec\u0301e podatke: broj kartice, ime vlasnika, datum isteka kartice i broj cvv kartice (tj. Verifikacioni broj kartice) &#8211; to je broj koji obi\u010dno stoji pole\u0111ina kartice. Mo\u017eda c\u0301e se od vas tra\u017eiti da unesete tip (marku) kartice.<\/p>\n<p>U sledec\u0301em koraku dobic\u0301ete potvrdu kupovine da mo\u017eete da od\u0161tampate ili jednostavno zabele\u017eite podatke o transakciji &#8211; informacije o statusu transakcije (da li je transakcija bila uspe\u0161na ili ne), ID broja naloga &#8211; svaki ID naloga je jedinstven, iznos koji ste platili i valuta u kojoj je izvr\u0161ena transakcija, poslednje 4 cifre kartice kojom ste izvr\u0161ili uplatu i vrsta ili marka kartice, autorizacioni kod banke &#8211; broj jedinstven za svaku uspe\u0161nu transakciju kartice i datum i vreme kada transakcija je izvr\u0161ena.<\/p>\n<p>Ovaj korak dovr\u0161ava postupak kupovine na mre\u017ei. Nakon toga c\u0301ete biti obave\u0161teni o statusu va\u0161e narud\u017ebine putem e-po\u0161te. Trgovac prihvata porud\u017ebinu tek nakon \u0161to vam po\u0161aljemo potvrdu o prihvatanju e-po\u0161tom. Roba koju ste naru\u010dili stic\u0301i c\u0301e vam u roku navedenom na priznanici.<\/p>\n<p>Ako imate bilo kakvih problema tokom postupka naru\u010divanja, na\u0161 call centar vam je uvek na raspolaganju na +382 68 821 321 koji je otvoren radnim danom od 8 do 16 sati ili nas kontaktirajte putem e-po\u0161te office@mcadriatic.com<\/p>\n","protected":false},"excerpt":{"rendered":"<p>Uputstva za kupovinu na veb lokaciji &#8211; postupak kupovine Sve predmete koje smo prikazali u na\u0161oj internet prodavnici https:\/\/vvv.mcadriatic.com\/ mo\u017eete naru\u010diti na vrlo brz i lak na\u010din. Sve \u0161to trebate je pronac\u0301i predmet koji \u017eelite i ostaviti svoje podatke, a mi c\u0301emo se potruditi da u roku od 2-4 radna dana nabavimo svu robu koju [&hellip;]<\/p>\n","protected":false},"author":1,"featured_media":0,"parent":0,"menu_order":0,"comment_status":"closed","ping_status":"closed","template":"","meta":{"footnotes":""},"class_list":["post-3874","page","type-page","status-publish","hentry"],"_links":{"self":[{"href":"https:\/\/www.mcadriatic.com\/sr\/wp-json\/wp\/v2\/pages\/3874\/"}],"collection":[{"href":"https:\/\/www.mcadriatic.com\/sr\/wp-json\/wp\/v2\/pages\/"}],"about":[{"href":"https:\/\/www.mcadriatic.com\/sr\/wp-json\/wp\/v2\/types\/page\/"}],"author":[{"embeddable":true,"href":"https:\/\/www.mcadriatic.com\/sr\/wp-json\/wp\/v2\/users\/1\/"}],"replies":[{"embeddable":true,"href":"https:\/\/www.mcadriatic.com\/sr\/wp-json\/wp\/v2\/comments\/?post=3874"}],"version-history":[{"count":1,"href":"https:\/\/www.mcadriatic.com\/sr\/wp-json\/wp\/v2\/pages\/3874\/revisions\/"}],"predecessor-version":[{"id":3876,"href":"https:\/\/www.mcadriatic.com\/sr\/wp-json\/wp\/v2\/pages\/3874\/revisions\/3876\/"}],"wp:attachment":[{"href":"https:\/\/www.mcadriatic.com\/sr\/wp-json\/wp\/v2\/media\/?parent=3874"}],"curies":[{"name":"wp","href":"https:\/\/api.w.org\/{rel}","templated":true}]}}